{"id":2,"date":"2025-01-18T11:38:11","date_gmt":"2025-01-18T10:38:11","guid":{"rendered":"https:\/\/gabyk70.thienard.com\/?page_id=2"},"modified":"2025-03-22T18:26:42","modified_gmt":"2025-03-22T17:26:42","slug":"a-propos","status":"publish","type":"page","link":"https:\/\/gabyk70.thienard.com\/index.php\/a-propos\/","title":{"rendered":"A propos"},"content":{"rendered":"\n<p>Bonjour, je m&rsquo;appelle Gabriel, et je suis un photographe amateur de 13 ans passionn\u00e9 par l&rsquo;art visuel. Depuis quelques ann\u00e9es, je d\u00e9couvre le monde fascinant de la photographie, capturant des moments de vie et explorant les possibilit\u00e9s cr\u00e9atives offertes par mon appareil photo. Je suis actuellement en train de d\u00e9velopper mes comp\u00e9tences artistiques \u00e0 travers mes exp\u00e9riences personnelles pratiques, cherchant \u00e0 raconter des histoires \u00e0 travers mes images. Sur ce site, vous pourrez d\u00e9couvrir mes derni\u00e8res cr\u00e9ations et suivre mon parcours photographique.<\/p>\n","protected":false},"excerpt":{"rendered":"<p>Bonjour, je m&rsquo;appelle Gabriel, et je suis un photographe amateur de 13 ans passionn\u00e9 par l&rsquo;art visuel. Depuis quelques ann\u00e9es, je d\u00e9couvre le monde fascinant de la photographie, capturant des moments de vie et explorant les possibilit\u00e9s cr\u00e9atives offertes par mon appareil photo. Je suis actuellement en train de d\u00e9velopper [&hellip;]<\/p>\n","protected":false},"author":1,"featured_media":0,"parent":0,"menu_order":0,"comment_status":"closed","ping_status":"open","template":"","meta":{"footnotes":""},"class_list":["post-2","page","type-page","status-publish","hentry"],"_links":{"self":[{"href":"https:\/\/gabyk70.thienard.com\/index.php\/wp-json\/wp\/v2\/pages\/2","targetHints":{"allow":["GET"]}}],"collection":[{"href":"https:\/\/gabyk70.thienard.com\/index.php\/wp-json\/wp\/v2\/pages"}],"about":[{"href":"https:\/\/gabyk70.thienard.com\/index.php\/wp-json\/wp\/v2\/types\/page"}],"author":[{"embeddable":true,"href":"https:\/\/gabyk70.thienard.com\/index.php\/wp-json\/wp\/v2\/users\/1"}],"replies":[{"embeddable":true,"href":"https:\/\/gabyk70.thienard.com\/index.php\/wp-json\/wp\/v2\/comments?post=2"}],"version-history":[{"count":2,"href":"https:\/\/gabyk70.thienard.com\/index.php\/wp-json\/wp\/v2\/pages\/2\/revisions"}],"predecessor-version":[{"id":128,"href":"https:\/\/gabyk70.thienard.com\/index.php\/wp-json\/wp\/v2\/pages\/2\/revisions\/128"}],"wp:attachment":[{"href":"https:\/\/gabyk70.thienard.com\/index.php\/wp-json\/wp\/v2\/media?parent=2"}],"curies":[{"name":"wp","href":"https:\/\/api.w.org\/{rel}","templated":true}]}}